{"id":3461,"date":"2024-07-29T07:53:04","date_gmt":"2024-07-29T07:53:04","guid":{"rendered":"https:\/\/tobbyedimavi.com\/?page_id=3461"},"modified":"2024-07-29T07:55:50","modified_gmt":"2024-07-29T07:55:50","slug":"consent-to-receiving-marketing-information","status":"publish","type":"page","link":"https:\/\/tobbyedimavi.com\/en\/consent-to-receiving-marketing-information\/","title":{"rendered":"Consent To Receiving Marketing Information"},"content":{"rendered":"<p><section data-bb-version=\"5.0.1\" id=\"bt_bb_section69e367f926457\" class=\"bt_bb_section bt_bb_layout_boxed_1200 bt_bb_vertical_align_top bt_bb_top_spacing_large bt_bb_bottom_spacing_large\"  data-bt-override-class=\"{&quot;bt_bb_top_spacing_&quot;:{&quot;current_class&quot;:&quot;bt_bb_top_spacing_large&quot;,&quot;def&quot;:&quot;large&quot;},&quot;bt_bb_bottom_spacing_&quot;:{&quot;current_class&quot;:&quot;bt_bb_bottom_spacing_large&quot;,&quot;def&quot;:&quot;large&quot;}}\"><div class=\"bt_bb_background_image_holder_wrapper\"><div class=\"bt_bb_background_image_holder bt_bb_parallax\"  data-parallax=\"0.7\" data-parallax-offset=\"0\" data-parallax-zoom-start=\"1\" data-parallax-zoom-end=\"1\" data-parallax-blur-start=\"0\" data-parallax-blur-end=\"0\" data-parallax-opacity-start=\"1\" data-parallax-opacity-end=\"1\" style=\" background-image:url(&#039;https:\/\/tobbyedimavi.com\/wp-content\/uploads\/2024\/05\/back-3.jpg&#039;);\"><\/div><\/div><div class=\"bt_bb_port\"><div class=\"bt_bb_cell\"><div class=\"bt_bb_cell_inner\"><div class=\"bt_bb_row \"  data-bt-override-class=\"{}\"><div class=\"bt_bb_row_holder\" ><div  class=\"bt_bb_column col-xxl-12 col-xl-12 bt_bb_vertical_align_middle bt_bb_align_center bt_bb_padding_normal bt_bb_animation_fade_in animate\" style=\"; --column-width:12;\" data-width=\"12\" data-bt-override-class=\"{}\"><div class=\"bt_bb_column_content\"><div class=\"bt_bb_column_content_inner\"><div class=\"bt_bb_separator bt_bb_border_style_none bt_bb_bottom_spacing_large\" data-bt-override-class=\"null\"><\/div><header data-bb-version=\"5.0.1\" class=\"bt_bb_headline bt_bb_dash_none bt_bb_size_large bt_bb_align_inherit\" data-bt-override-class=\"{&quot;bt_bb_size_&quot;:{&quot;current_class&quot;:&quot;bt_bb_size_large&quot;,&quot;def&quot;:&quot;large&quot;},&quot;bt_bb_align_&quot;:{&quot;current_class&quot;:&quot;bt_bb_align_inherit&quot;,&quot;def&quot;:&quot;inherit&quot;}}\"><h1 class=\"bt_bb_headline_tag\"><span class=\"bt_bb_headline_content\"><span >Consent To Receiving Marketing Information<\/span><\/span><\/h1><\/header><div class=\"bt_bb_separator bt_bb_border_style_none bt_bb_bottom_spacing_medium\" data-bt-override-class=\"null\"><\/div><\/div><\/div><\/div><\/div><\/div><\/div><!-- cell_inner --><\/div><!-- cell --><\/div><!-- port --><\/section><section id=\"bt_bb_section69e367f9268d5\" class=\"bt_bb_section bt_bb_layout_boxed_1200 bt_bb_vertical_align_top bt_bb_top_spacing_large bt_bb_bottom_spacing_medium\"  data-bt-override-class=\"null\"><div class=\"bt_bb_port\"><div class=\"bt_bb_cell\"><div class=\"bt_bb_cell_inner\"><div class=\"bt_bb_row \"  data-bt-override-class=\"{}\"><div class=\"bt_bb_row_holder\" ><div  class=\"bt_bb_column col-xxl-12 col-xl-12 col-xs-12 col-sm-12 col-md-12 col-lg-12 bt_bb_vertical_align_top bt_bb_align_left bt_bb_padding_normal\" style=\"; --column-width:12;\" data-width=\"12\" data-bt-override-class=\"{}\"><div class=\"bt_bb_column_content\"><div class=\"bt_bb_column_content_inner\"><div data-bb-version=\"5.0.1\"  class=\"bt_bb_text\" ><\/p>\n<p><strong>CONSENT TO RECEIVING MARKETING INFORMATION <\/strong><\/p>\n<p>As <strong>Mars34 \u0130n\u015faat Gayrimenkul Anonim \u015eirketi<\/strong> (\u201c<strong>Mars<\/strong>\u201d), with this Consent Form, We inform you about the electronic messages to be sent to you in accordance with the Provisions of the Regulation on Commercial Communication and Commercial Electronic Messages (\u201cRegulation\u201d) is amended by the Regulation Amending the Regulation on Commercial Communication and Commercial Electronic Messages and No. 6563 on the regulation of electronic commerce Law (\u201cLaw\u201d) dated 4 January 2020 29417 on 15 July 2015 and published in the official gazette dated, numbered 30998 published in the Official Gazette and EU General Data Protection Regulation (GDPR) No. 2016\/679.<\/p>\n<p>In accordance with the relevant Law and Regulation; messages with data, audio and video content that are sent for commercial purposes and carried out in electronic environment using means such as telephone, call centers, fax, automatic dialing machines, smart voice recorder systems, e-mail, short message service are counted as commercial electronic messages. Commercial electronic messages, with exceptions, can only be sent to recipients with their prior consent and provided that the consent has not been withdrawn.<\/p>\n<p>By accepting this Consent Form, you agree to be aware of messages and information regarding of activities, celebrations, wishes, invitations to events, promotion, information, campaign, discount, opportunity and advantages, satisfaction questionnaire, surveys, sent to you for commercial purposes by Mars through its website, e-mail, online communication applications, telephone, and similar electronic media. Also, you agree that within the scope of these activities, you can be contacted by sending all kinds of commercial electronic messages containing data, audio and video by e-mail, short message, telephone, and similar means, and that the mentioned records can be shared with the relevant department when necessary.<\/p>\n<p>Acceptance of the Consent Form is valid until the moment of exercising the right to refuse. Lack of consent will not affect the services Mars will provide to you. You may refuse to receive commercial electronic messages sent by Mars at any time and without any justification, and you can always withdraw your consent to send commercial electronic messages by contacting us via connect@marsintgroup.com. Commercial electronic messages will be stopped within 3 working days from the date on which the rejection notice is received by us.<\/p>\n<p>&nbsp;<\/p>\n<p>\n<\/div><\/div><\/div><\/div><\/div><\/div><\/div><!-- cell_inner --><\/div><!-- cell --><\/div><!-- port --><\/section><\/p>\n","protected":false},"excerpt":{"rendered":"","protected":false},"author":10,"featured_media":0,"parent":0,"menu_order":0,"comment_status":"closed","ping_status":"closed","template":"","meta":{"content-type":"","footnotes":""},"class_list":["post-3461","page","type-page","status-publish","hentry"],"yoast_head":"<!-- This site is optimized with the Yoast SEO plugin v26.8 - https:\/\/yoast.com\/product\/yoast-seo-wordpress\/ -->\n<title>Consent To Receiving Marketing Information - TOBB | Yedi Mavi<\/title>\n<meta name=\"robots\" content=\"noindex, nofollow\" \/>\n<meta property=\"og:locale\" content=\"en_US\" \/>\n<meta property=\"og:type\" content=\"article\" \/>\n<meta property=\"og:title\" content=\"Consent To Receiving Marketing Information - TOBB | Yedi Mavi\" \/>\n<meta property=\"og:url\" content=\"https:\/\/tobbyedimavi.com\/en\/consent-to-receiving-marketing-information\/\" \/>\n<meta property=\"og:site_name\" content=\"TOBB | Yedi Mavi\" \/>\n<meta property=\"article:publisher\" content=\"https:\/\/www.facebook.com\/tobbyedimavi\" \/>\n<meta property=\"article:modified_time\" content=\"2024-07-29T07:55:50+00:00\" \/>\n<meta name=\"twitter:card\" content=\"summary_large_image\" \/>\n<meta name=\"twitter:label1\" content=\"Est. reading time\" \/>\n\t<meta name=\"twitter:data1\" content=\"20 minutes\" \/>\n<script type=\"application\/ld+json\" class=\"yoast-schema-graph\">{\"@context\":\"https:\/\/schema.org\",\"@graph\":[{\"@type\":\"WebPage\",\"@id\":\"https:\/\/tobbyedimavi.com\/en\/consent-to-receiving-marketing-information\/\",\"url\":\"https:\/\/tobbyedimavi.com\/en\/consent-to-receiving-marketing-information\/\",\"name\":\"Consent To Receiving Marketing Information - TOBB | Yedi Mavi\",\"isPartOf\":{\"@id\":\"https:\/\/tobbyedimavi.com\/en\/#website\"},\"datePublished\":\"2024-07-29T07:53:04+00:00\",\"dateModified\":\"2024-07-29T07:55:50+00:00\",\"breadcrumb\":{\"@id\":\"https:\/\/tobbyedimavi.com\/en\/consent-to-receiving-marketing-information\/#breadcrumb\"},\"inLanguage\":\"en-US\",\"potentialAction\":[{\"@type\":\"ReadAction\",\"target\":[\"https:\/\/tobbyedimavi.com\/en\/consent-to-receiving-marketing-information\/\"]}]},{\"@type\":\"BreadcrumbList\",\"@id\":\"https:\/\/tobbyedimavi.com\/en\/consent-to-receiving-marketing-information\/#breadcrumb\",\"itemListElement\":[{\"@type\":\"ListItem\",\"position\":1,\"name\":\"Anasayfa\",\"item\":\"https:\/\/tobbyedimavi.com\/en\/\"},{\"@type\":\"ListItem\",\"position\":2,\"name\":\"Consent To Receiving Marketing Information\"}]},{\"@type\":\"WebSite\",\"@id\":\"https:\/\/tobbyedimavi.com\/en\/#website\",\"url\":\"https:\/\/tobbyedimavi.com\/en\/\",\"name\":\"TOBB | Yedi Mavi\",\"description\":\"Merakla Beklenen G\u00fcn Geldi!\",\"publisher\":{\"@id\":\"https:\/\/tobbyedimavi.com\/en\/#organization\"},\"potentialAction\":[{\"@type\":\"SearchAction\",\"target\":{\"@type\":\"EntryPoint\",\"urlTemplate\":\"https:\/\/tobbyedimavi.com\/en\/?s={search_term_string}\"},\"query-input\":{\"@type\":\"PropertyValueSpecification\",\"valueRequired\":true,\"valueName\":\"search_term_string\"}}],\"inLanguage\":\"en-US\"},{\"@type\":\"Organization\",\"@id\":\"https:\/\/tobbyedimavi.com\/en\/#organization\",\"name\":\"TOBB | Yedi Mavi\",\"url\":\"https:\/\/tobbyedimavi.com\/en\/\",\"logo\":{\"@type\":\"ImageObject\",\"inLanguage\":\"en-US\",\"@id\":\"https:\/\/tobbyedimavi.com\/en\/#\/schema\/logo\/image\/\",\"url\":\"https:\/\/tobbyedimavi.com\/wp-content\/uploads\/2024\/07\/tobb-yedimavi-seo-logo.png\",\"contentUrl\":\"https:\/\/tobbyedimavi.com\/wp-content\/uploads\/2024\/07\/tobb-yedimavi-seo-logo.png\",\"width\":500,\"height\":250,\"caption\":\"TOBB | Yedi Mavi\"},\"image\":{\"@id\":\"https:\/\/tobbyedimavi.com\/en\/#\/schema\/logo\/image\/\"},\"sameAs\":[\"https:\/\/www.facebook.com\/tobbyedimavi\",\"https:\/\/www.instagram.com\/tobb.yedimavi\/?igsh=MjZuemkyZHE1Y2V5\"]}]}<\/script>\n<!-- \/ Yoast SEO plugin. -->","yoast_head_json":{"title":"Consent To Receiving Marketing Information - TOBB | Yedi Mavi","robots":{"index":"noindex","follow":"nofollow"},"og_locale":"en_US","og_type":"article","og_title":"Consent To Receiving Marketing Information - TOBB | Yedi Mavi","og_url":"https:\/\/tobbyedimavi.com\/en\/consent-to-receiving-marketing-information\/","og_site_name":"TOBB | Yedi Mavi","article_publisher":"https:\/\/www.facebook.com\/tobbyedimavi","article_modified_time":"2024-07-29T07:55:50+00:00","twitter_card":"summary_large_image","twitter_misc":{"Est. reading time":"20 minutes"},"schema":{"@context":"https:\/\/schema.org","@graph":[{"@type":"WebPage","@id":"https:\/\/tobbyedimavi.com\/en\/consent-to-receiving-marketing-information\/","url":"https:\/\/tobbyedimavi.com\/en\/consent-to-receiving-marketing-information\/","name":"Consent To Receiving Marketing Information - TOBB | Yedi Mavi","isPartOf":{"@id":"https:\/\/tobbyedimavi.com\/en\/#website"},"datePublished":"2024-07-29T07:53:04+00:00","dateModified":"2024-07-29T07:55:50+00:00","breadcrumb":{"@id":"https:\/\/tobbyedimavi.com\/en\/consent-to-receiving-marketing-information\/#breadcrumb"},"inLanguage":"en-US","potentialAction":[{"@type":"ReadAction","target":["https:\/\/tobbyedimavi.com\/en\/consent-to-receiving-marketing-information\/"]}]},{"@type":"BreadcrumbList","@id":"https:\/\/tobbyedimavi.com\/en\/consent-to-receiving-marketing-information\/#breadcrumb","itemListElement":[{"@type":"ListItem","position":1,"name":"Anasayfa","item":"https:\/\/tobbyedimavi.com\/en\/"},{"@type":"ListItem","position":2,"name":"Consent To Receiving Marketing Information"}]},{"@type":"WebSite","@id":"https:\/\/tobbyedimavi.com\/en\/#website","url":"https:\/\/tobbyedimavi.com\/en\/","name":"TOBB | Yedi Mavi","description":"Merakla Beklenen G\u00fcn Geldi!","publisher":{"@id":"https:\/\/tobbyedimavi.com\/en\/#organization"},"potentialAction":[{"@type":"SearchAction","target":{"@type":"EntryPoint","urlTemplate":"https:\/\/tobbyedimavi.com\/en\/?s={search_term_string}"},"query-input":{"@type":"PropertyValueSpecification","valueRequired":true,"valueName":"search_term_string"}}],"inLanguage":"en-US"},{"@type":"Organization","@id":"https:\/\/tobbyedimavi.com\/en\/#organization","name":"TOBB | Yedi Mavi","url":"https:\/\/tobbyedimavi.com\/en\/","logo":{"@type":"ImageObject","inLanguage":"en-US","@id":"https:\/\/tobbyedimavi.com\/en\/#\/schema\/logo\/image\/","url":"https:\/\/tobbyedimavi.com\/wp-content\/uploads\/2024\/07\/tobb-yedimavi-seo-logo.png","contentUrl":"https:\/\/tobbyedimavi.com\/wp-content\/uploads\/2024\/07\/tobb-yedimavi-seo-logo.png","width":500,"height":250,"caption":"TOBB | Yedi Mavi"},"image":{"@id":"https:\/\/tobbyedimavi.com\/en\/#\/schema\/logo\/image\/"},"sameAs":["https:\/\/www.facebook.com\/tobbyedimavi","https:\/\/www.instagram.com\/tobb.yedimavi\/?igsh=MjZuemkyZHE1Y2V5"]}]}},"_links":{"self":[{"href":"https:\/\/tobbyedimavi.com\/en\/wp-json\/wp\/v2\/pages\/3461","targetHints":{"allow":["GET"]}}],"collection":[{"href":"https:\/\/tobbyedimavi.com\/en\/wp-json\/wp\/v2\/pages"}],"about":[{"href":"https:\/\/tobbyedimavi.com\/en\/wp-json\/wp\/v2\/types\/page"}],"author":[{"embeddable":true,"href":"https:\/\/tobbyedimavi.com\/en\/wp-json\/wp\/v2\/users\/10"}],"replies":[{"embeddable":true,"href":"https:\/\/tobbyedimavi.com\/en\/wp-json\/wp\/v2\/comments?post=3461"}],"version-history":[{"count":2,"href":"https:\/\/tobbyedimavi.com\/en\/wp-json\/wp\/v2\/pages\/3461\/revisions"}],"predecessor-version":[{"id":3472,"href":"https:\/\/tobbyedimavi.com\/en\/wp-json\/wp\/v2\/pages\/3461\/revisions\/3472"}],"wp:attachment":[{"href":"https:\/\/tobbyedimavi.com\/en\/wp-json\/wp\/v2\/media?parent=3461"}],"curies":[{"name":"wp","href":"https:\/\/api.w.org\/{rel}","templated":true}]}}