{"id":3434,"date":"2024-07-29T07:31:54","date_gmt":"2024-07-29T07:31:54","guid":{"rendered":"https:\/\/tobbyedimavi.com\/?page_id=3434"},"modified":"2024-07-29T07:34:02","modified_gmt":"2024-07-29T07:34:02","slug":"clarification-text-of-appointment-regarding-the-protection-of-personal-data","status":"publish","type":"page","link":"https:\/\/tobbyedimavi.com\/en\/clarification-text-of-appointment-regarding-the-protection-of-personal-data\/","title":{"rendered":"Clarification Text Of Appointment Regarding The Protection Of Personal Data"},"content":{"rendered":"<p><section data-bb-version=\"5.0.1\" id=\"bt_bb_section69fce2e81a537\" class=\"bt_bb_section bt_bb_layout_boxed_1200 bt_bb_vertical_align_top bt_bb_top_spacing_large bt_bb_bottom_spacing_large\"  data-bt-override-class=\"{&quot;bt_bb_top_spacing_&quot;:{&quot;current_class&quot;:&quot;bt_bb_top_spacing_large&quot;,&quot;def&quot;:&quot;large&quot;},&quot;bt_bb_bottom_spacing_&quot;:{&quot;current_class&quot;:&quot;bt_bb_bottom_spacing_large&quot;,&quot;def&quot;:&quot;large&quot;}}\"><div class=\"bt_bb_background_image_holder_wrapper\"><div class=\"bt_bb_background_image_holder bt_bb_parallax\"  data-parallax=\"0.7\" data-parallax-offset=\"0\" data-parallax-zoom-start=\"1\" data-parallax-zoom-end=\"1\" data-parallax-blur-start=\"0\" data-parallax-blur-end=\"0\" data-parallax-opacity-start=\"1\" data-parallax-opacity-end=\"1\" style=\" background-image:url(&#039;https:\/\/tobbyedimavi.com\/wp-content\/uploads\/2024\/05\/back-3.jpg&#039;);\"><\/div><\/div><div class=\"bt_bb_port\"><div class=\"bt_bb_cell\"><div class=\"bt_bb_cell_inner\"><div class=\"bt_bb_row \"  data-bt-override-class=\"{}\"><div class=\"bt_bb_row_holder\" ><div  class=\"bt_bb_column col-xxl-12 col-xl-12 bt_bb_vertical_align_middle bt_bb_align_center bt_bb_padding_normal bt_bb_animation_fade_in animate\" style=\"; --column-width:12;\" data-width=\"12\" data-bt-override-class=\"{}\"><div class=\"bt_bb_column_content\"><div class=\"bt_bb_column_content_inner\"><div class=\"bt_bb_separator bt_bb_border_style_none bt_bb_bottom_spacing_large\" data-bt-override-class=\"null\"><\/div><header data-bb-version=\"5.0.1\" class=\"bt_bb_headline bt_bb_dash_none bt_bb_size_large bt_bb_align_inherit\" data-bt-override-class=\"{&quot;bt_bb_size_&quot;:{&quot;current_class&quot;:&quot;bt_bb_size_large&quot;,&quot;def&quot;:&quot;large&quot;},&quot;bt_bb_align_&quot;:{&quot;current_class&quot;:&quot;bt_bb_align_inherit&quot;,&quot;def&quot;:&quot;inherit&quot;}}\"><h1 class=\"bt_bb_headline_tag\"><span class=\"bt_bb_headline_content\"><span >Clarification Text Of Appointment Regarding The Protection Of Personal Data<\/span><\/span><\/h1><\/header><div class=\"bt_bb_separator bt_bb_border_style_none bt_bb_bottom_spacing_medium\" data-bt-override-class=\"null\"><\/div><\/div><\/div><\/div><\/div><\/div><\/div><!-- cell_inner --><\/div><!-- cell --><\/div><!-- port --><\/section><section id=\"bt_bb_section69fce2e81a96d\" class=\"bt_bb_section bt_bb_layout_boxed_1200 bt_bb_vertical_align_top bt_bb_top_spacing_large bt_bb_bottom_spacing_medium\"  data-bt-override-class=\"null\"><div class=\"bt_bb_port\"><div class=\"bt_bb_cell\"><div class=\"bt_bb_cell_inner\"><div class=\"bt_bb_row \"  data-bt-override-class=\"{}\"><div class=\"bt_bb_row_holder\" ><div  class=\"bt_bb_column col-xxl-12 col-xl-12 col-xs-12 col-sm-12 col-md-12 col-lg-12 bt_bb_vertical_align_top bt_bb_align_left bt_bb_padding_normal\" style=\"; --column-width:12;\" data-width=\"12\" data-bt-override-class=\"{}\"><div class=\"bt_bb_column_content\"><div class=\"bt_bb_column_content_inner\"><div data-bb-version=\"5.0.1\"  class=\"bt_bb_text\" ><\/p>\n<p><strong>CLARIFICATION TEXT OF APPOINTMENT REGARDING THE PROTECTION OF PERSONAL DATA<\/strong><\/p>\n<p><strong>Mars34 \u0130n\u015faat Gayrimenkul Anonim \u015eirketi (&#8220;Company&#8221; \/ &#8220;Mars&#8221;), <\/strong>as the data controller, will store, process and transfer to third parties when permitted and to the extent allowed by the legislation the personal data of individuals filling out the form located in the appointment section on the website www.tobbyedimavi.com with the relevant legislation under the Law on Protection of Personal Data No. 6698 (&#8220;Law&#8221;) and the EU General Data Protection Regulation (GDPR) No. 2016\/679.<\/p>\n<ol>\n<li><strong> DATA SUBJECT<\/strong><\/li>\n<\/ol>\n<p>The persons concerned within the scope of this Clarification Text are all real persons who fill out the form located in the appointment section on the website www.tobbyedimavi.com.<\/p>\n<ol start=\"2\">\n<li><strong> IDENTIFICATION OF DATA CONTROLLER AND REPRESENTATIVE<\/strong><\/li>\n<\/ol>\n<p>For your questions regarding the processing of your Personal Data, you may contact the Company Contact Person via the e-mail address <a href=\"mailto:connect@marsintgroup.com\">connect@marsintgroup.com<\/a>.<\/p>\n<ol start=\"3\">\n<li><strong> PURPOSE OF PROCESSING PERSONAL DATA, LEGAL REASONS, METHODS OF COLLECTION AND TRANSFERRING PERSONAL DATA<\/strong><\/li>\n<\/ol>\n<p>Mars clearly reveals the purposes of processing personal data and processes personal data within the scope of purposes related to these activities in line with communication activities. Your personal data collected through the channels and methods specified in this Clarification Text are processed and stored by the Company for the following purposes:<\/p>\n<table width=\"643\">\n<tbody>\n<tr>\n<td width=\"643\"><strong>DATA PROCESSING ACTIVITY: EXECUTION OF APPOINTMENT PROCEDURES<\/strong><\/td>\n<\/tr>\n<tr>\n<td width=\"643\"><strong>Processed Personal Data<\/strong><\/p>\n<p><strong>Identity Data <\/strong>(First Name, Last Name), <strong>Contact Data <\/strong>(Phone Number, Email Address), <strong>Other Data <\/strong>(Message Content)<\/td>\n<\/tr>\n<tr>\n<td width=\"643\"><strong>Purposes of Processing Personal Data<\/strong><\/p>\n<p>Creating and Tracking Visitor Records, Recording, Evaluating, and Resolving Appointment Requests Made Through the Website, Conducting Communication Activities, Conducting Company Operations, Managing Potential Customer and Customer Relationships, Managing Contractual Relationships, Conducting Storage and Archiving Activities<\/td>\n<\/tr>\n<tr>\n<td width=\"643\"><strong>Legal Reasons for Processing Personal Data<\/strong><\/p>\n<p>Your Personal Data is processed by Mars in line with the realization of the above-mentioned purposes, primarily on the basis of the GDPR and the 5th article of the KVKK and the legal reasons stated below:<\/p>\n<p>\u00b7\u00a0 It is necessary to process the personal data of the parties to the contract, provided that it is directly related to the establishment or performance of a contract.<\/p>\n<p>\u00b7\u00a0\u00a0\u00a0 It is necessary to process data for the legitimate interests of the data controller, provided that it does not harm the fundamental rights and freedoms of the data subject.<\/td>\n<\/tr>\n<tr>\n<td width=\"643\"><strong>Methods of Collecting Personal Data<\/strong><\/p>\n<p>The personal data mentioned above are collected through the forms you fill out in the appointment section on the website www.tobbyedimavi.com.<\/td>\n<\/tr>\n<tr>\n<td width=\"643\"><strong>Transfer Of Personal Data <\/strong><\/p>\n<p>If requested within the framework of the article 28 of the Law, your collected personal data may be transferred to the relevant authorities without the obligation of clarification and without seeking your explicit consent. in unforeseen circumstances, your personal data may be transferred to public institutions explicitly specified in the laws (such as ministries, judicial authorities, law enforcement agencies) upon request, within the purposes and limitations prescribed by the law. \u00a0Additionally, your personal data may be shared with legal departments for the purpose of obtaining legal consultancy services and ensuring the legal security of Mars in the event of possible legal disputes, with business partners solely for the purpose of carrying out collaborative activities with project partners, and with group companies solely for the purpose of executing potential customer and customer transactions.<\/p>\n<p>Your personal data may be shared with abroad within the framework of storing the archives of the email contact addresses sent to relevant parties and the infrastructures of online communication applications in data centers located abroad.<\/td>\n<\/tr>\n<tr>\n<td width=\"643\"><strong>DATA PROCESSING ACTIVITY: ENSURING INFORMATION PROCESSING SECURITY<\/strong><\/td>\n<\/tr>\n<tr>\n<td width=\"643\"><strong>Processed Personal Data<\/strong><\/p>\n<p><strong>Information Security Data <\/strong>(IP Address, User Traffic Information, Login and Logout Information, Port Number, MAC Address, Log Record)<\/p>\n<p><strong><em><u>* IMPORTANT INFORMATION:<\/u><\/em><\/strong><strong><em> Cookies are not used during your visit to the website; however, transaction data related to your visit is automatically encrypted and does not constitute personal data.<\/em><\/strong><\/td>\n<\/tr>\n<tr>\n<td width=\"643\"><strong>Purposes of Processing Personal Data<\/strong><\/p>\n<p>Creating and Tracking Website Visitor Records, Ensuring the Performance of the Website&#8217;s Basic Functions, Ensuring the Security of Data Controller Operations, Conducting Information Security Processes, Using Data as Evidence in Future Legal Disputes, Conducting Storage and Archiving Activities, Providing Information to Authorized Persons, Institutions, and Organizations<\/td>\n<\/tr>\n<tr>\n<td width=\"643\"><strong>Legal Reasons for Processing Personal Data<\/strong><\/p>\n<p>Your Personal Data is processed by Mars in line with the realization of the above-mentioned purposes, primarily on the basis of the GDPR and the 5th article of the KVKK and the legal reasons stated below:<\/p>\n<p>\u00b7\u00a0\u00a0\u00a0\u00a0\u00a0\u00a0\u00a0\u00a0 It is clearly stipulated in the law (Law No. 5651 on the Regulation of Publications Made on the Internet and Combating Crimes Committed through These Publications),<\/p>\n<p>\u00b7\u00a0\u00a0\u00a0\u00a0\u00a0\u00a0\u00a0\u00a0 It is necessary for the data controller to fulfill its legal obligations,<\/p>\n<p>\u00b7\u00a0\u00a0\u00a0\u00a0\u00a0\u00a0\u00a0\u00a0 It is necessary to process data for the legitimate interests of the data controller, provided that it does not harm the fundamental rights and freedoms of the data subject.hukuk\u00ee sebeplerine dayan\u0131larak i\u015flenmektedir.<\/td>\n<\/tr>\n<tr>\n<td width=\"643\"><strong>Methods of Collecting Personal Data<\/strong><\/p>\n<p>The personal data mentioned above are collected automatically through servers and software programs during your visit to our website.<\/td>\n<\/tr>\n<tr>\n<td width=\"643\"><strong>Transfer Of Personal Data <\/strong><\/p>\n<p>If requested within the framework of the article 28 of the Law, your collected personal data may be transferred to the relevant authorities without the obligation of clarification and without seeking your explicit consent. in unforeseen circumstances, your personal data may be transferred to public institutions explicitly specified in the laws (such as ministries, judicial authorities, law enforcement agencies) upon request, within the purposes and limitations prescribed by the law. Additionally, your personal data may be shared with legal departments for the purpose of obtaining legal consultancy services and ensuring the legal security of Mars in the event of possible legal disputes, with service providers for the purposes of storage, archiving, server, and cloud activities, and with business partners solely for the purpose of fulfilling collaborative activities with project partners.<\/p>\n<p>Your personal data may be shared with abroad within the framework of storing the archives of the email contact addresses sent to relevant parties and the infrastructures of online communication applications in data centers located abroad.<\/td>\n<\/tr>\n<\/tbody>\n<\/table>\n<ol start=\"4\">\n<li><strong> YOUR RIGHTS UNDER THE LAW<\/strong><\/li>\n<\/ol>\n<p>As Personal Data owners, you may forward your requests regarding your rights to the following address of Gullu Sokak No:2 Levent, Be\u015fikta\u015f\/Istanbul or to <a href=\"mailto:connect@marsintgroup.com\">connect@marsintgroup.com<\/a> with name, surname and, if the application is written, signature, for citizens of the Republic of Turkey, T.C. identification number, nationality for foreigners, passport number or identification number, if any, place of residence or workplace address for notification, e-mail address for notification, telephone and fax number, subject of request in writing or through registered e-mail (KEP) address, secure by using electronic signature, mobile signature or the e-mail address previously notified to Mars by the person concerned and registered in Mars&#8217; system by filling the Data Subject Application Form published on the internet address of <a href=\"http:\/\/www.tobbyedimavi.com\">www.tobbyedimavi.com<\/a> with the methods regulated in the data subject application procedure or by the methods specified in the Communiqu\u00e9 on the Procedures and Principles of Application to the Data Controller. If you forward it to the contact address, Mars will finalize the request free of charge as soon as possible and no later than thirty days after the notification, depending on the nature of the request. However, if the transaction requires an additional cost, the fee in the tariff determined by the Personal Data Protection Board will be charged by Mars.<\/p>\n<p>In this context, personal data owners have the right to learn whether personal data is processed, to request information if personal data has been processed, to learn the purpose of processing personal data and whether they are used in accordance with its purpose, to know the third parties in the country or abroad to whom personal data are transferred, to request correction of personal data in case of incomplete or incorrect processing and to request that the transaction carried out in this context be notified to the third parties to whom the personal data has been transferred. Additionally, although it has been processed in accordance with the provisions of the law and other relevant laws; personal data owners have the right to request the deletion or destruction of personal data in the event that the reasons for processing disappear and to request the notification of the transaction made in this context to the third parties to whom the personal data has been transferred, object to the emergence of a result against the person himself\/herself by analyzing the processed data exclusively through automated systems, to request compensation for damage in case of loss due to unlawful processing of personal data.<\/p>\n<p><strong>Data Controller\u00a0\u00a0\u00a0\u00a0\u00a0\u00a0 : <\/strong>Mars34 \u0130n\u015faat Gayrimenkul Anonim \u015eirketi<\/p>\n<p><strong>Address\u00a0\u00a0\u00a0\u00a0\u00a0\u00a0\u00a0\u00a0\u00a0\u00a0\u00a0\u00a0\u00a0\u00a0\u00a0\u00a0\u00a0\u00a0\u00a0 : <\/strong>Levent Mahallesi G\u00fcll\u00fc Sokak No:2 Be\u015fikta\u015f \/ \u0130stanbul<\/p>\n<p><strong>Contact\u00a0\u00a0\u00a0\u00a0\u00a0\u00a0\u00a0\u00a0\u00a0\u00a0\u00a0\u00a0\u00a0\u00a0\u00a0\u00a0\u00a0\u00a0\u00a0 : <\/strong>+90 (212) 269 75 85 \/ <a href=\"mailto:connect@marsintgroup.com\">connect@marsintgroup.com<\/a><\/p>\n<p>\n<\/div><\/div><\/div><\/div><\/div><\/div><\/div><!-- cell_inner --><\/div><!-- cell --><\/div><!-- port --><\/section><\/p>\n","protected":false},"excerpt":{"rendered":"","protected":false},"author":10,"featured_media":0,"parent":0,"menu_order":0,"comment_status":"closed","ping_status":"closed","template":"","meta":{"content-type":"","footnotes":""},"class_list":["post-3434","page","type-page","status-publish","hentry"],"yoast_head":"<!-- This site is optimized with the Yoast SEO plugin v26.8 - https:\/\/yoast.com\/product\/yoast-seo-wordpress\/ -->\n<title>Clarification Text Of Appointment Regarding The Protection Of Personal Data - TOBB | Yedi Mavi<\/title>\n<meta name=\"robots\" content=\"noindex, nofollow\" \/>\n<meta property=\"og:locale\" content=\"en_US\" \/>\n<meta property=\"og:type\" content=\"article\" \/>\n<meta property=\"og:title\" content=\"Clarification Text Of Appointment Regarding The Protection Of Personal Data - TOBB | Yedi Mavi\" \/>\n<meta property=\"og:url\" content=\"https:\/\/tobbyedimavi.com\/en\/clarification-text-of-appointment-regarding-the-protection-of-personal-data\/\" \/>\n<meta property=\"og:site_name\" content=\"TOBB | Yedi Mavi\" \/>\n<meta property=\"article:publisher\" content=\"https:\/\/www.facebook.com\/tobbyedimavi\" \/>\n<meta property=\"article:modified_time\" content=\"2024-07-29T07:34:02+00:00\" \/>\n<meta name=\"twitter:card\" content=\"summary_large_image\" \/>\n<meta name=\"twitter:label1\" content=\"Est. reading time\" \/>\n\t<meta name=\"twitter:data1\" content=\"4 minutes\" \/>\n<script type=\"application\/ld+json\" class=\"yoast-schema-graph\">{\"@context\":\"https:\/\/schema.org\",\"@graph\":[{\"@type\":\"WebPage\",\"@id\":\"https:\/\/tobbyedimavi.com\/en\/clarification-text-of-appointment-regarding-the-protection-of-personal-data\/\",\"url\":\"https:\/\/tobbyedimavi.com\/en\/clarification-text-of-appointment-regarding-the-protection-of-personal-data\/\",\"name\":\"Clarification Text Of Appointment Regarding The Protection Of Personal Data - TOBB | Yedi Mavi\",\"isPartOf\":{\"@id\":\"https:\/\/tobbyedimavi.com\/en\/#website\"},\"datePublished\":\"2024-07-29T07:31:54+00:00\",\"dateModified\":\"2024-07-29T07:34:02+00:00\",\"breadcrumb\":{\"@id\":\"https:\/\/tobbyedimavi.com\/en\/clarification-text-of-appointment-regarding-the-protection-of-personal-data\/#breadcrumb\"},\"inLanguage\":\"en-US\",\"potentialAction\":[{\"@type\":\"ReadAction\",\"target\":[\"https:\/\/tobbyedimavi.com\/en\/clarification-text-of-appointment-regarding-the-protection-of-personal-data\/\"]}]},{\"@type\":\"BreadcrumbList\",\"@id\":\"https:\/\/tobbyedimavi.com\/en\/clarification-text-of-appointment-regarding-the-protection-of-personal-data\/#breadcrumb\",\"itemListElement\":[{\"@type\":\"ListItem\",\"position\":1,\"name\":\"Anasayfa\",\"item\":\"https:\/\/tobbyedimavi.com\/en\/\"},{\"@type\":\"ListItem\",\"position\":2,\"name\":\"Clarification Text Of Appointment Regarding The Protection Of Personal Data\"}]},{\"@type\":\"WebSite\",\"@id\":\"https:\/\/tobbyedimavi.com\/en\/#website\",\"url\":\"https:\/\/tobbyedimavi.com\/en\/\",\"name\":\"TOBB | Yedi Mavi\",\"description\":\"Merakla Beklenen G\u00fcn Geldi!\",\"publisher\":{\"@id\":\"https:\/\/tobbyedimavi.com\/en\/#organization\"},\"potentialAction\":[{\"@type\":\"SearchAction\",\"target\":{\"@type\":\"EntryPoint\",\"urlTemplate\":\"https:\/\/tobbyedimavi.com\/en\/?s={search_term_string}\"},\"query-input\":{\"@type\":\"PropertyValueSpecification\",\"valueRequired\":true,\"valueName\":\"search_term_string\"}}],\"inLanguage\":\"en-US\"},{\"@type\":\"Organization\",\"@id\":\"https:\/\/tobbyedimavi.com\/en\/#organization\",\"name\":\"TOBB | Yedi Mavi\",\"url\":\"https:\/\/tobbyedimavi.com\/en\/\",\"logo\":{\"@type\":\"ImageObject\",\"inLanguage\":\"en-US\",\"@id\":\"https:\/\/tobbyedimavi.com\/en\/#\/schema\/logo\/image\/\",\"url\":\"https:\/\/tobbyedimavi.com\/wp-content\/uploads\/2024\/07\/tobb-yedimavi-seo-logo.png\",\"contentUrl\":\"https:\/\/tobbyedimavi.com\/wp-content\/uploads\/2024\/07\/tobb-yedimavi-seo-logo.png\",\"width\":500,\"height\":250,\"caption\":\"TOBB | Yedi Mavi\"},\"image\":{\"@id\":\"https:\/\/tobbyedimavi.com\/en\/#\/schema\/logo\/image\/\"},\"sameAs\":[\"https:\/\/www.facebook.com\/tobbyedimavi\",\"https:\/\/www.instagram.com\/tobb.yedimavi\/?igsh=MjZuemkyZHE1Y2V5\"]}]}<\/script>\n<!-- \/ Yoast SEO plugin. -->","yoast_head_json":{"title":"Clarification Text Of Appointment Regarding The Protection Of Personal Data - TOBB | Yedi Mavi","robots":{"index":"noindex","follow":"nofollow"},"og_locale":"en_US","og_type":"article","og_title":"Clarification Text Of Appointment Regarding The Protection Of Personal Data - TOBB | Yedi Mavi","og_url":"https:\/\/tobbyedimavi.com\/en\/clarification-text-of-appointment-regarding-the-protection-of-personal-data\/","og_site_name":"TOBB | Yedi Mavi","article_publisher":"https:\/\/www.facebook.com\/tobbyedimavi","article_modified_time":"2024-07-29T07:34:02+00:00","twitter_card":"summary_large_image","twitter_misc":{"Est. reading time":"4 minutes"},"schema":{"@context":"https:\/\/schema.org","@graph":[{"@type":"WebPage","@id":"https:\/\/tobbyedimavi.com\/en\/clarification-text-of-appointment-regarding-the-protection-of-personal-data\/","url":"https:\/\/tobbyedimavi.com\/en\/clarification-text-of-appointment-regarding-the-protection-of-personal-data\/","name":"Clarification Text Of Appointment Regarding The Protection Of Personal Data - TOBB | Yedi Mavi","isPartOf":{"@id":"https:\/\/tobbyedimavi.com\/en\/#website"},"datePublished":"2024-07-29T07:31:54+00:00","dateModified":"2024-07-29T07:34:02+00:00","breadcrumb":{"@id":"https:\/\/tobbyedimavi.com\/en\/clarification-text-of-appointment-regarding-the-protection-of-personal-data\/#breadcrumb"},"inLanguage":"en-US","potentialAction":[{"@type":"ReadAction","target":["https:\/\/tobbyedimavi.com\/en\/clarification-text-of-appointment-regarding-the-protection-of-personal-data\/"]}]},{"@type":"BreadcrumbList","@id":"https:\/\/tobbyedimavi.com\/en\/clarification-text-of-appointment-regarding-the-protection-of-personal-data\/#breadcrumb","itemListElement":[{"@type":"ListItem","position":1,"name":"Anasayfa","item":"https:\/\/tobbyedimavi.com\/en\/"},{"@type":"ListItem","position":2,"name":"Clarification Text Of Appointment Regarding The Protection Of Personal Data"}]},{"@type":"WebSite","@id":"https:\/\/tobbyedimavi.com\/en\/#website","url":"https:\/\/tobbyedimavi.com\/en\/","name":"TOBB | Yedi Mavi","description":"Merakla Beklenen G\u00fcn Geldi!","publisher":{"@id":"https:\/\/tobbyedimavi.com\/en\/#organization"},"potentialAction":[{"@type":"SearchAction","target":{"@type":"EntryPoint","urlTemplate":"https:\/\/tobbyedimavi.com\/en\/?s={search_term_string}"},"query-input":{"@type":"PropertyValueSpecification","valueRequired":true,"valueName":"search_term_string"}}],"inLanguage":"en-US"},{"@type":"Organization","@id":"https:\/\/tobbyedimavi.com\/en\/#organization","name":"TOBB | Yedi Mavi","url":"https:\/\/tobbyedimavi.com\/en\/","logo":{"@type":"ImageObject","inLanguage":"en-US","@id":"https:\/\/tobbyedimavi.com\/en\/#\/schema\/logo\/image\/","url":"https:\/\/tobbyedimavi.com\/wp-content\/uploads\/2024\/07\/tobb-yedimavi-seo-logo.png","contentUrl":"https:\/\/tobbyedimavi.com\/wp-content\/uploads\/2024\/07\/tobb-yedimavi-seo-logo.png","width":500,"height":250,"caption":"TOBB | Yedi Mavi"},"image":{"@id":"https:\/\/tobbyedimavi.com\/en\/#\/schema\/logo\/image\/"},"sameAs":["https:\/\/www.facebook.com\/tobbyedimavi","https:\/\/www.instagram.com\/tobb.yedimavi\/?igsh=MjZuemkyZHE1Y2V5"]}]}},"_links":{"self":[{"href":"https:\/\/tobbyedimavi.com\/en\/wp-json\/wp\/v2\/pages\/3434","targetHints":{"allow":["GET"]}}],"collection":[{"href":"https:\/\/tobbyedimavi.com\/en\/wp-json\/wp\/v2\/pages"}],"about":[{"href":"https:\/\/tobbyedimavi.com\/en\/wp-json\/wp\/v2\/types\/page"}],"author":[{"embeddable":true,"href":"https:\/\/tobbyedimavi.com\/en\/wp-json\/wp\/v2\/users\/10"}],"replies":[{"embeddable":true,"href":"https:\/\/tobbyedimavi.com\/en\/wp-json\/wp\/v2\/comments?post=3434"}],"version-history":[{"count":2,"href":"https:\/\/tobbyedimavi.com\/en\/wp-json\/wp\/v2\/pages\/3434\/revisions"}],"predecessor-version":[{"id":3442,"href":"https:\/\/tobbyedimavi.com\/en\/wp-json\/wp\/v2\/pages\/3434\/revisions\/3442"}],"wp:attachment":[{"href":"https:\/\/tobbyedimavi.com\/en\/wp-json\/wp\/v2\/media?parent=3434"}],"curies":[{"name":"wp","href":"https:\/\/api.w.org\/{rel}","templated":true}]}}