{"id":3408,"date":"2024-07-29T06:47:37","date_gmt":"2024-07-29T06:47:37","guid":{"rendered":"https:\/\/tobbyedimavi.com\/?page_id=3408"},"modified":"2024-07-29T06:51:49","modified_gmt":"2024-07-29T06:51:49","slug":"explicit-consent-text-of-appointment-regarding-the-processing-of-personal-data","status":"publish","type":"page","link":"https:\/\/tobbyedimavi.com\/en\/explicit-consent-text-of-appointment-regarding-the-processing-of-personal-data\/","title":{"rendered":"Explicit Consent Text of Appointment Regarding the Processing of Personal Data"},"content":{"rendered":"<p><section data-bb-version=\"5.0.1\" id=\"bt_bb_section69e989fcc6cb8\" class=\"bt_bb_section bt_bb_layout_boxed_1200 bt_bb_vertical_align_top bt_bb_top_spacing_large bt_bb_bottom_spacing_large\"  data-bt-override-class=\"{&quot;bt_bb_top_spacing_&quot;:{&quot;current_class&quot;:&quot;bt_bb_top_spacing_large&quot;,&quot;def&quot;:&quot;large&quot;},&quot;bt_bb_bottom_spacing_&quot;:{&quot;current_class&quot;:&quot;bt_bb_bottom_spacing_large&quot;,&quot;def&quot;:&quot;large&quot;}}\"><div class=\"bt_bb_background_image_holder_wrapper\"><div class=\"bt_bb_background_image_holder bt_bb_parallax\"  data-parallax=\"0.7\" data-parallax-offset=\"0\" data-parallax-zoom-start=\"1\" data-parallax-zoom-end=\"1\" data-parallax-blur-start=\"0\" data-parallax-blur-end=\"0\" data-parallax-opacity-start=\"1\" data-parallax-opacity-end=\"1\" style=\" background-image:url(&#039;https:\/\/tobbyedimavi.com\/wp-content\/uploads\/2024\/05\/back-3.jpg&#039;);\"><\/div><\/div><div class=\"bt_bb_port\"><div class=\"bt_bb_cell\"><div class=\"bt_bb_cell_inner\"><div class=\"bt_bb_row \"  data-bt-override-class=\"{}\"><div class=\"bt_bb_row_holder\" ><div  class=\"bt_bb_column col-xxl-12 col-xl-12 bt_bb_vertical_align_middle bt_bb_align_center bt_bb_padding_normal bt_bb_animation_fade_in animate\" style=\"; --column-width:12;\" data-width=\"12\" data-bt-override-class=\"{}\"><div class=\"bt_bb_column_content\"><div class=\"bt_bb_column_content_inner\"><div class=\"bt_bb_separator bt_bb_border_style_none bt_bb_bottom_spacing_large\" data-bt-override-class=\"null\"><\/div><header data-bb-version=\"5.0.1\" class=\"bt_bb_headline bt_bb_dash_none bt_bb_size_large bt_bb_align_inherit\" data-bt-override-class=\"{&quot;bt_bb_size_&quot;:{&quot;current_class&quot;:&quot;bt_bb_size_large&quot;,&quot;def&quot;:&quot;large&quot;},&quot;bt_bb_align_&quot;:{&quot;current_class&quot;:&quot;bt_bb_align_inherit&quot;,&quot;def&quot;:&quot;inherit&quot;}}\"><h1 class=\"bt_bb_headline_tag\"><span class=\"bt_bb_headline_content\"><span >Explicit Consent Text of Appointment Regarding the Processing of Personal Data<\/span><\/span><\/h1><\/header><div class=\"bt_bb_separator bt_bb_border_style_none bt_bb_bottom_spacing_medium\" data-bt-override-class=\"null\"><\/div><\/div><\/div><\/div><\/div><\/div><\/div><!-- cell_inner --><\/div><!-- cell --><\/div><!-- port --><\/section><section id=\"bt_bb_section69e989fcc74af\" class=\"bt_bb_section bt_bb_layout_boxed_1200 bt_bb_vertical_align_top bt_bb_top_spacing_large bt_bb_bottom_spacing_medium\"  data-bt-override-class=\"null\"><div class=\"bt_bb_port\"><div class=\"bt_bb_cell\"><div class=\"bt_bb_cell_inner\"><div class=\"bt_bb_row \"  data-bt-override-class=\"{}\"><div class=\"bt_bb_row_holder\" ><div  class=\"bt_bb_column col-xxl-12 col-xl-12 col-xs-12 col-sm-12 col-md-12 col-lg-12 bt_bb_vertical_align_top bt_bb_align_left bt_bb_padding_normal\" style=\"; --column-width:12;\" data-width=\"12\" data-bt-override-class=\"{}\"><div class=\"bt_bb_column_content\"><div class=\"bt_bb_column_content_inner\"><div data-bb-version=\"5.0.1\"  class=\"bt_bb_text\" ><\/p>\n<p><strong>EXPLICIT CONSENT TEXT OF APPOINTMENT REGARDING THE PROCESSING OF PERSONAL DATA\u202f\u202f <\/strong><\/p>\n<p><strong>Mars34 \u0130n\u015faat Gayrimenkul Anonim \u015eirketi (\u201cMars\u201d),<\/strong> as a Data Controller, kindly requests your explicit consent regarding the processing and\/or transfer of your personal data, within the scope of the Appointment Clarification Text (\u201cClarification Text\u201d) on the Protection of Personal Data presented to you while filling out the form in the appointment section on the website www.tobbyedimavi.com.<\/p>\n<table width=\"642\">\n<tbody>\n<tr>\n<td width=\"642\">By accepting this Consent Form, you consent to the sharing of your personal data, as detailed under the &#8220;Appointment Procedures&#8221; activity in the Clarification Text, with business partners for the sole purpose of fulfilling collaborative activities with project partners, and with group companies solely for the purpose of executing potential customer and customer transactions.<\/td>\n<\/tr>\n<tr>\n<td width=\"642\">By accepting this Consent Form, you consent to the sharing of your personal data, as specified under the &#8220;Ensuring Information Security&#8221; activity in the Clarification Text, with service providers for the purposes of storage, archiving, server, and cloud services, and with business partners solely for the purpose of carrying out collaborative activities with project partners.<\/td>\n<\/tr>\n<tr>\n<td width=\"642\">By accepting this Consent Form, you consent that all your personal data, as detailed in the Clarification Text, will be stored for a period of two (2) years from the date the appointment form is submitted by you, for the purposes of conducting storage and archiving activities.<\/td>\n<\/tr>\n<\/tbody>\n<\/table>\n<p>You may withdraw this explicit consent at any time. Should you choose to withdraw your explicit consent, such withdrawal will have a prospective effect. All activities based on your explicit consent will cease from the date your withdrawal notice is received by Mars, and your personal data will no longer be processed for the purposes specified above from that date.<\/p>\n<p>&nbsp;<\/p>\n<p>\n<\/div><\/div><\/div><\/div><\/div><\/div><\/div><!-- cell_inner --><\/div><!-- cell --><\/div><!-- port --><\/section><\/p>\n","protected":false},"excerpt":{"rendered":"","protected":false},"author":10,"featured_media":0,"parent":0,"menu_order":0,"comment_status":"closed","ping_status":"closed","template":"","meta":{"content-type":"","footnotes":""},"class_list":["post-3408","page","type-page","status-publish","hentry"],"yoast_head":"<!-- This site is optimized with the Yoast SEO plugin v26.8 - https:\/\/yoast.com\/product\/yoast-seo-wordpress\/ -->\n<title>Explicit Consent Text of Appointment Regarding the Processing of Personal Data - TOBB | Yedi Mavi<\/title>\n<meta name=\"robots\" content=\"noindex, nofollow\" \/>\n<meta property=\"og:locale\" content=\"en_US\" \/>\n<meta property=\"og:type\" content=\"article\" \/>\n<meta property=\"og:title\" content=\"Explicit Consent Text of Appointment Regarding the Processing of Personal Data - TOBB | Yedi Mavi\" \/>\n<meta property=\"og:url\" content=\"https:\/\/tobbyedimavi.com\/en\/explicit-consent-text-of-appointment-regarding-the-processing-of-personal-data\/\" \/>\n<meta property=\"og:site_name\" content=\"TOBB | Yedi Mavi\" \/>\n<meta property=\"article:publisher\" content=\"https:\/\/www.facebook.com\/tobbyedimavi\" \/>\n<meta property=\"article:modified_time\" content=\"2024-07-29T06:51:49+00:00\" \/>\n<meta name=\"twitter:card\" content=\"summary_large_image\" \/>\n<meta name=\"twitter:label1\" content=\"Est. reading time\" \/>\n\t<meta name=\"twitter:data1\" content=\"20 minutes\" \/>\n<script type=\"application\/ld+json\" class=\"yoast-schema-graph\">{\"@context\":\"https:\/\/schema.org\",\"@graph\":[{\"@type\":\"WebPage\",\"@id\":\"https:\/\/tobbyedimavi.com\/en\/explicit-consent-text-of-appointment-regarding-the-processing-of-personal-data\/\",\"url\":\"https:\/\/tobbyedimavi.com\/en\/explicit-consent-text-of-appointment-regarding-the-processing-of-personal-data\/\",\"name\":\"Explicit Consent Text of Appointment Regarding the Processing of Personal Data - TOBB | Yedi Mavi\",\"isPartOf\":{\"@id\":\"https:\/\/tobbyedimavi.com\/en\/#website\"},\"datePublished\":\"2024-07-29T06:47:37+00:00\",\"dateModified\":\"2024-07-29T06:51:49+00:00\",\"breadcrumb\":{\"@id\":\"https:\/\/tobbyedimavi.com\/en\/explicit-consent-text-of-appointment-regarding-the-processing-of-personal-data\/#breadcrumb\"},\"inLanguage\":\"en-US\",\"potentialAction\":[{\"@type\":\"ReadAction\",\"target\":[\"https:\/\/tobbyedimavi.com\/en\/explicit-consent-text-of-appointment-regarding-the-processing-of-personal-data\/\"]}]},{\"@type\":\"BreadcrumbList\",\"@id\":\"https:\/\/tobbyedimavi.com\/en\/explicit-consent-text-of-appointment-regarding-the-processing-of-personal-data\/#breadcrumb\",\"itemListElement\":[{\"@type\":\"ListItem\",\"position\":1,\"name\":\"Anasayfa\",\"item\":\"https:\/\/tobbyedimavi.com\/en\/\"},{\"@type\":\"ListItem\",\"position\":2,\"name\":\"Explicit Consent Text of Appointment Regarding the Processing of Personal Data\"}]},{\"@type\":\"WebSite\",\"@id\":\"https:\/\/tobbyedimavi.com\/en\/#website\",\"url\":\"https:\/\/tobbyedimavi.com\/en\/\",\"name\":\"TOBB | Yedi Mavi\",\"description\":\"Merakla Beklenen G\u00fcn Geldi!\",\"publisher\":{\"@id\":\"https:\/\/tobbyedimavi.com\/en\/#organization\"},\"potentialAction\":[{\"@type\":\"SearchAction\",\"target\":{\"@type\":\"EntryPoint\",\"urlTemplate\":\"https:\/\/tobbyedimavi.com\/en\/?s={search_term_string}\"},\"query-input\":{\"@type\":\"PropertyValueSpecification\",\"valueRequired\":true,\"valueName\":\"search_term_string\"}}],\"inLanguage\":\"en-US\"},{\"@type\":\"Organization\",\"@id\":\"https:\/\/tobbyedimavi.com\/en\/#organization\",\"name\":\"TOBB | Yedi Mavi\",\"url\":\"https:\/\/tobbyedimavi.com\/en\/\",\"logo\":{\"@type\":\"ImageObject\",\"inLanguage\":\"en-US\",\"@id\":\"https:\/\/tobbyedimavi.com\/en\/#\/schema\/logo\/image\/\",\"url\":\"https:\/\/tobbyedimavi.com\/wp-content\/uploads\/2024\/07\/tobb-yedimavi-seo-logo.png\",\"contentUrl\":\"https:\/\/tobbyedimavi.com\/wp-content\/uploads\/2024\/07\/tobb-yedimavi-seo-logo.png\",\"width\":500,\"height\":250,\"caption\":\"TOBB | Yedi Mavi\"},\"image\":{\"@id\":\"https:\/\/tobbyedimavi.com\/en\/#\/schema\/logo\/image\/\"},\"sameAs\":[\"https:\/\/www.facebook.com\/tobbyedimavi\",\"https:\/\/www.instagram.com\/tobb.yedimavi\/?igsh=MjZuemkyZHE1Y2V5\"]}]}<\/script>\n<!-- \/ Yoast SEO plugin. -->","yoast_head_json":{"title":"Explicit Consent Text of Appointment Regarding the Processing of Personal Data - TOBB | Yedi Mavi","robots":{"index":"noindex","follow":"nofollow"},"og_locale":"en_US","og_type":"article","og_title":"Explicit Consent Text of Appointment Regarding the Processing of Personal Data - TOBB | Yedi Mavi","og_url":"https:\/\/tobbyedimavi.com\/en\/explicit-consent-text-of-appointment-regarding-the-processing-of-personal-data\/","og_site_name":"TOBB | Yedi Mavi","article_publisher":"https:\/\/www.facebook.com\/tobbyedimavi","article_modified_time":"2024-07-29T06:51:49+00:00","twitter_card":"summary_large_image","twitter_misc":{"Est. reading time":"20 minutes"},"schema":{"@context":"https:\/\/schema.org","@graph":[{"@type":"WebPage","@id":"https:\/\/tobbyedimavi.com\/en\/explicit-consent-text-of-appointment-regarding-the-processing-of-personal-data\/","url":"https:\/\/tobbyedimavi.com\/en\/explicit-consent-text-of-appointment-regarding-the-processing-of-personal-data\/","name":"Explicit Consent Text of Appointment Regarding the Processing of Personal Data - TOBB | Yedi Mavi","isPartOf":{"@id":"https:\/\/tobbyedimavi.com\/en\/#website"},"datePublished":"2024-07-29T06:47:37+00:00","dateModified":"2024-07-29T06:51:49+00:00","breadcrumb":{"@id":"https:\/\/tobbyedimavi.com\/en\/explicit-consent-text-of-appointment-regarding-the-processing-of-personal-data\/#breadcrumb"},"inLanguage":"en-US","potentialAction":[{"@type":"ReadAction","target":["https:\/\/tobbyedimavi.com\/en\/explicit-consent-text-of-appointment-regarding-the-processing-of-personal-data\/"]}]},{"@type":"BreadcrumbList","@id":"https:\/\/tobbyedimavi.com\/en\/explicit-consent-text-of-appointment-regarding-the-processing-of-personal-data\/#breadcrumb","itemListElement":[{"@type":"ListItem","position":1,"name":"Anasayfa","item":"https:\/\/tobbyedimavi.com\/en\/"},{"@type":"ListItem","position":2,"name":"Explicit Consent Text of Appointment Regarding the Processing of Personal Data"}]},{"@type":"WebSite","@id":"https:\/\/tobbyedimavi.com\/en\/#website","url":"https:\/\/tobbyedimavi.com\/en\/","name":"TOBB | Yedi Mavi","description":"Merakla Beklenen G\u00fcn Geldi!","publisher":{"@id":"https:\/\/tobbyedimavi.com\/en\/#organization"},"potentialAction":[{"@type":"SearchAction","target":{"@type":"EntryPoint","urlTemplate":"https:\/\/tobbyedimavi.com\/en\/?s={search_term_string}"},"query-input":{"@type":"PropertyValueSpecification","valueRequired":true,"valueName":"search_term_string"}}],"inLanguage":"en-US"},{"@type":"Organization","@id":"https:\/\/tobbyedimavi.com\/en\/#organization","name":"TOBB | Yedi Mavi","url":"https:\/\/tobbyedimavi.com\/en\/","logo":{"@type":"ImageObject","inLanguage":"en-US","@id":"https:\/\/tobbyedimavi.com\/en\/#\/schema\/logo\/image\/","url":"https:\/\/tobbyedimavi.com\/wp-content\/uploads\/2024\/07\/tobb-yedimavi-seo-logo.png","contentUrl":"https:\/\/tobbyedimavi.com\/wp-content\/uploads\/2024\/07\/tobb-yedimavi-seo-logo.png","width":500,"height":250,"caption":"TOBB | Yedi Mavi"},"image":{"@id":"https:\/\/tobbyedimavi.com\/en\/#\/schema\/logo\/image\/"},"sameAs":["https:\/\/www.facebook.com\/tobbyedimavi","https:\/\/www.instagram.com\/tobb.yedimavi\/?igsh=MjZuemkyZHE1Y2V5"]}]}},"_links":{"self":[{"href":"https:\/\/tobbyedimavi.com\/en\/wp-json\/wp\/v2\/pages\/3408","targetHints":{"allow":["GET"]}}],"collection":[{"href":"https:\/\/tobbyedimavi.com\/en\/wp-json\/wp\/v2\/pages"}],"about":[{"href":"https:\/\/tobbyedimavi.com\/en\/wp-json\/wp\/v2\/types\/page"}],"author":[{"embeddable":true,"href":"https:\/\/tobbyedimavi.com\/en\/wp-json\/wp\/v2\/users\/10"}],"replies":[{"embeddable":true,"href":"https:\/\/tobbyedimavi.com\/en\/wp-json\/wp\/v2\/comments?post=3408"}],"version-history":[{"count":3,"href":"https:\/\/tobbyedimavi.com\/en\/wp-json\/wp\/v2\/pages\/3408\/revisions"}],"predecessor-version":[{"id":3417,"href":"https:\/\/tobbyedimavi.com\/en\/wp-json\/wp\/v2\/pages\/3408\/revisions\/3417"}],"wp:attachment":[{"href":"https:\/\/tobbyedimavi.com\/en\/wp-json\/wp\/v2\/media?parent=3408"}],"curies":[{"name":"wp","href":"https:\/\/api.w.org\/{rel}","templated":true}]}}